{"id":5018,"date":"2020-05-10T20:21:01","date_gmt":"2020-05-10T20:21:01","guid":{"rendered":"https:\/\/nic-biel.ch\/startseite\/agb\/"},"modified":"2023-02-09T09:54:26","modified_gmt":"2023-02-09T09:54:26","slug":"agb","status":"publish","type":"page","link":"https:\/\/nic-biel.ch\/de\/startseite\/agb\/","title":{"rendered":"AGB"},"content":{"rendered":"\t\t<div data-elementor-type=\"wp-page\" data-elementor-id=\"5018\" class=\"elementor elementor-5018 elementor-1994\" data-elementor-post-type=\"page\">\n\t\t\t\t\t\t<section class=\"elementor-section elementor-top-section elementor-element elementor-element-1764b83 elementor-section-boxed elementor-section-height-default elementor-section-height-default\" data-id=\"1764b83\" data-element_type=\"section\" data-e-type=\"section\" data-settings=\"{&quot;jet_parallax_layout_list&quot;:[{&quot;jet_parallax_layout_image&quot;:{&quot;url&quot;:&quot;&quot;,&quot;id&quot;:&quot;&quot;,&quot;size&quot;:&quot;&quot;},&quot;_id&quot;:&quot;4a02202&quot;,&quot;jet_parallax_layout_image_tablet&quot;:{&quot;url&quot;:&quot;&quot;,&quot;id&quot;:&quot;&quot;,&quot;size&quot;:&quot;&quot;},&quot;jet_parallax_layout_image_mobile&quot;:{&quot;url&quot;:&quot;&quot;,&quot;id&quot;:&quot;&quot;,&quot;size&quot;:&quot;&quot;},&quot;jet_parallax_layout_speed&quot;:{&quot;unit&quot;:&quot;%&quot;,&quot;size&quot;:50,&quot;sizes&quot;:[]},&quot;jet_parallax_layout_type&quot;:&quot;scroll&quot;,&quot;jet_parallax_layout_direction&quot;:&quot;1&quot;,&quot;jet_parallax_layout_fx_direction&quot;:null,&quot;jet_parallax_layout_z_index&quot;:&quot;&quot;,&quot;jet_parallax_layout_bg_x&quot;:50,&quot;jet_parallax_layout_bg_x_tablet&quot;:&quot;&quot;,&quot;jet_parallax_layout_bg_x_mobile&quot;:&quot;&quot;,&quot;jet_parallax_layout_bg_y&quot;:50,&quot;jet_parallax_layout_bg_y_tablet&quot;:&quot;&quot;,&quot;jet_parallax_layout_bg_y_mobile&quot;:&quot;&quot;,&quot;jet_parallax_layout_bg_size&quot;:&quot;auto&quot;,&quot;jet_parallax_layout_bg_size_tablet&quot;:&quot;&quot;,&quot;jet_parallax_layout_bg_size_mobile&quot;:&quot;&quot;,&quot;jet_parallax_layout_animation_prop&quot;:&quot;transform&quot;,&quot;jet_parallax_layout_on&quot;:[&quot;desktop&quot;,&quot;tablet&quot;]}]}\">\n\t\t\t\t\t\t<div class=\"elementor-container elementor-column-gap-default\">\n\t\t\t\t\t<div class=\"elementor-column elementor-col-100 elementor-top-column elementor-element elementor-element-ddf908c\" data-id=\"ddf908c\" data-element_type=\"column\" data-e-type=\"column\">\n\t\t\t<div class=\"elementor-widget-wrap elementor-element-populated\">\n\t\t\t\t\t\t<div class=\"elementor-element elementor-element-bcd585f elementor-widget elementor-widget-heading\" data-id=\"bcd585f\" data-element_type=\"widget\" data-e-type=\"widget\" data-widget_type=\"heading.default\">\n\t\t\t\t<div class=\"elementor-widget-container\">\n\t\t\t\t\t<h2 class=\"elementor-heading-title elementor-size-default\">Gesch\u00e4ftsbedingungen<\/h2>\t\t\t\t<\/div>\n\t\t\t\t<\/div>\n\t\t\t\t<div class=\"elementor-element elementor-element-3b47bb3 elementor-widget elementor-widget-text-editor\" data-id=\"3b47bb3\" data-element_type=\"widget\" data-e-type=\"widget\" data-widget_type=\"text-editor.default\">\n\t\t\t\t<div class=\"elementor-widget-container\">\n\t\t\t\t\t\t\t\t\t<div>\n<p><strong>Haftungsbeschr\u00e4nkung<\/strong><\/p>\n<p>Die Inhalte unserer Seiten wurden mit der gr\u00f6sstm\u00f6glichen Sorgfalt erstellt. F\u00fcr die Richtigkeit, Vollst\u00e4ndigkeit und Aktualit\u00e4t der Inhalte auf www.nic-biel.ch \u00fcbernimmt New International Church keine Haftung. Ebenso lehnt New International Church jede Haftung f\u00fcr Sch\u00e4den ab, die sich durch die Benutzung von www.nic-biel.ch ergeben.<\/p>\n<p>F\u00fcr die Inhalte der auf www.nic-biel.ch verlinkten externen Seiten \u00fcbernimmt New International Church keine Verantwortung.<\/p>\n<p><strong>Urheberrecht\/Nutzungsrecht<\/strong><\/p>\n<p>Durch diese Website wird die Nutzung geistigen Eigentums der Organisation oder Dritter nicht erteilt. Die Inhalte auf www.nic-biel.ch sind urheberrechtlich gesch\u00fctzt. Die vollst\u00e4ndige oder teilweise Vervielf\u00e4ltigung, die elektronische oder mit anderen Mitteln erfolgte Verbreitung, die Modifikation, die Ben\u00fctzung f\u00fcr kommerzielle oder \u00f6ffentliche Zwecke (insbesondere Einbau in eine Website) bedarf der vorherigen Zustimmung durch New International Church.<\/p>\n<\/p>\n<p><strong><span style=\"text-decoration: underline;\">Allgemeine Gesch\u00e4fts- und Lieferbedingungen (AGB)<\/span><\/strong><\/p>\n<p><strong>Zahlungsbedingungen<\/strong><\/p>\n<p>Bei noch nicht Vollj\u00e4hrigen ist die Einwilligung des gesetzlichen Vertreters erforderlich. Die Spenden k\u00f6nnen in Schweizer Franken \u00fcberwiesen werden. Die H\u00f6he der Spendengelder ist nicht vorgegeben und h\u00e4ngt alleine vom Spender ab! Spenden k\u00f6nnen mit Visa, Twint, Mastercard oder Postcard get\u00e4tigt werden. Sie werden auf die sichere Postfinance Zahlungsumgebung weitergeleitet!<\/p>\n<p><strong>Annulation<\/strong><\/p>\n<p>Eine Annulation der \u00dcberweisung kann w\u00e4hrend dem Zahlungsprozess get\u00e4tigt werden.<\/p>\n<p><strong>R\u00fcckgabe- und Stornierungsbedingungen<\/strong><\/p>\n<p>Nach dem Ausl\u00f6sen der Zahlung ist es aus organisatorischen Gr\u00fcnden nicht mehr m\u00f6glich das Geld zur\u00fcckzufordern. Wir danken f\u00fcr Ihr Verst\u00e4ndnis und bitten Sie deshalb es sich gut zu \u00fcberlegen bevor Sie eine Zahlung t\u00e4tigen!<\/p>\n<p><strong>Versand<\/strong><\/p>\n<p>F\u00fcr den Kauf eines Eintritts zu einem unserer Seminare oder Events werden keine Tickets per Post versendet Die mit dem Email erhaltene Best\u00e4tigung gilt gleichzeitig auch als Eintrittsberechtigung f\u00fcr den jeweiligen Anlass!<\/p>\n<p><strong>Abwicklung<\/strong><\/p>\n<p>Das gesammelte Geld wird auf dem jeweiligen Projekt Konto zwischengelagert bis es spezifisch eingesetzt werden kann! Die zweckm\u00e4ssige Einsetzung aller Gelder wird strengstens seitens der New International Church \u00fcberwacht!<\/p>\n<p>Ihre Spende geht vollumf\u00e4nglich in den gew\u00e4hlten zweckgebundenen thematischen Fonds und kommt den entsprechenden Projekten zugute. Verwaltungskosten werden aus nichtzweckgebundenen Mitteln finanziert.<\/p>\n<p><strong>Verwendungszweck der Spenden<\/strong><\/p>\n<p>Ihr Geld wird je nach Anmerkung einem von verschiedenen Kontos mit fest definiertem Verwendungszweck zugeteilt. Dieses System erm\u00f6glicht es uns, schnell dort zu helfen, wo gerade am meisten Handlungsbedarf besteht. Wenn Sie also beispielsweise f\u00fcr das Kinderheim Safe Haven spenden, so kommt Ihr Geld auf das Missionskonto und wird in Ghana dem Kinderheim zugute kommen. Ihre Spende erreicht Safe Haven Ghana um Not zu lindern wo es gerade am n\u00f6tigsten ist! Spenden Sie f\u00fcr das Haus der Begegnung oder f\u00fcr ein anderes Projekt, so wird es in das jeweilige Konto fliessen!<\/p>\n<p>New International Church ist als gemeinn\u00fctzig anerkannt und hat in den letzten Jahren zunehmends durch zuverl\u00e4ssiges Management an Vertrauen gewonnen. New International Church informiert offen \u00fcber ihre T\u00e4tigkeiten, setzt Spendengelder wirksam und zweckbestimmt ein und verf\u00fcgt \u00fcber wirksame interne und externe Kontrollstrukturen.<\/p>\n<\/div>\n\t\t\t\t\t\t\t\t<\/div>\n\t\t\t\t<\/div>\n\t\t\t\t\t<\/div>\n\t\t<\/div>\n\t\t\t\t\t<\/div>\n\t\t<\/section>\n\t\t\t\t<section class=\"elementor-section elementor-top-section elementor-element elementor-element-caaa967 elementor-section-content-middle elementor-hidden-desktop elementor-hidden-tablet elementor-hidden-phone elementor-section-boxed elementor-section-height-default elementor-section-height-default\" data-id=\"caaa967\" data-element_type=\"section\" data-e-type=\"section\" data-settings=\"{&quot;background_background&quot;:&quot;classic&quot;,&quot;jet_parallax_layout_list&quot;:[{&quot;_id&quot;:&quot;5dcb77e&quot;,&quot;jet_parallax_layout_image&quot;:{&quot;url&quot;:&quot;&quot;,&quot;id&quot;:&quot;&quot;,&quot;size&quot;:&quot;&quot;},&quot;jet_parallax_layout_image_tablet&quot;:{&quot;url&quot;:&quot;&quot;,&quot;id&quot;:&quot;&quot;,&quot;size&quot;:&quot;&quot;},&quot;jet_parallax_layout_image_mobile&quot;:{&quot;url&quot;:&quot;&quot;,&quot;id&quot;:&quot;&quot;,&quot;size&quot;:&quot;&quot;},&quot;jet_parallax_layout_speed&quot;:{&quot;unit&quot;:&quot;%&quot;,&quot;size&quot;:50,&quot;sizes&quot;:[]},&quot;jet_parallax_layout_type&quot;:&quot;scroll&quot;,&quot;jet_parallax_layout_direction&quot;:&quot;1&quot;,&quot;jet_parallax_layout_fx_direction&quot;:null,&quot;jet_parallax_layout_z_index&quot;:&quot;&quot;,&quot;jet_parallax_layout_bg_x&quot;:50,&quot;jet_parallax_layout_bg_x_tablet&quot;:&quot;&quot;,&quot;jet_parallax_layout_bg_x_mobile&quot;:&quot;&quot;,&quot;jet_parallax_layout_bg_y&quot;:50,&quot;jet_parallax_layout_bg_y_tablet&quot;:&quot;&quot;,&quot;jet_parallax_layout_bg_y_mobile&quot;:&quot;&quot;,&quot;jet_parallax_layout_bg_size&quot;:&quot;auto&quot;,&quot;jet_parallax_layout_bg_size_tablet&quot;:&quot;&quot;,&quot;jet_parallax_layout_bg_size_mobile&quot;:&quot;&quot;,&quot;jet_parallax_layout_animation_prop&quot;:&quot;transform&quot;,&quot;jet_parallax_layout_on&quot;:[&quot;desktop&quot;,&quot;tablet&quot;]}]}\">\n\t\t\t\t\t\t<div class=\"elementor-container elementor-column-gap-no\">\n\t\t\t\t\t<div class=\"elementor-column elementor-col-100 elementor-top-column elementor-element elementor-element-f57d1ce\" data-id=\"f57d1ce\" data-element_type=\"column\" data-e-type=\"column\">\n\t\t\t<div class=\"elementor-widget-wrap elementor-element-populated\">\n\t\t\t\t\t\t<div class=\"elementor-element elementor-element-e38682c elementor-widget elementor-widget-heading\" data-id=\"e38682c\" data-element_type=\"widget\" data-e-type=\"widget\" data-widget_type=\"heading.default\">\n\t\t\t\t<div class=\"elementor-widget-container\">\n\t\t\t\t\t<h2 class=\"elementor-heading-title elementor-size-default\">Bleib in Verbindung<\/h2>\t\t\t\t<\/div>\n\t\t\t\t<\/div>\n\t\t\t\t<div class=\"elementor-element elementor-element-6337161 elementor-widget elementor-widget-text-editor\" data-id=\"6337161\" data-element_type=\"widget\" data-e-type=\"widget\" data-widget_type=\"text-editor.default\">\n\t\t\t\t<div class=\"elementor-widget-container\">\n\t\t\t\t\t\t\t\t\t<p>Erhalte unseren Newsletter mit Updates zu unseren Anl\u00e4ssen. Sei einer\/eine der ersten, der\/die unsere News erf\u00e4hrt, was in und um unsere Gemeinde und Bewegung geschieht.<\/p>\n\t\t\t\t\t\t\t\t<\/div>\n\t\t\t\t<\/div>\n\t\t\t\t<div class=\"elementor-element elementor-element-e697ae9 elementor-button-align-stretch elementor-widget elementor-widget-form\" data-id=\"e697ae9\" data-element_type=\"widget\" data-e-type=\"widget\" data-settings=\"{&quot;button_width&quot;:&quot;25&quot;,&quot;step_next_label&quot;:&quot;Next&quot;,&quot;step_previous_label&quot;:&quot;Previous&quot;,&quot;step_type&quot;:&quot;number_text&quot;,&quot;step_icon_shape&quot;:&quot;circle&quot;}\" data-widget_type=\"form.default\">\n\t\t\t\t<div class=\"elementor-widget-container\">\n\t\t\t\t\t\t\t<form class=\"elementor-form\" method=\"post\" name=\"Newsletter\" aria-label=\"Newsletter\">\n\t\t\t<input type=\"hidden\" name=\"post_id\" value=\"5018\"\/>\n\t\t\t<input type=\"hidden\" name=\"form_id\" value=\"e697ae9\"\/>\n\t\t\t<input type=\"hidden\" name=\"referer_title\" value=\"New International Church\" \/>\n\n\t\t\t\n\t\t\t<div class=\"elementor-form-fields-wrapper elementor-labels-\">\n\t\t\t\t\t\t\t\t<div class=\"elementor-field-type-email elementor-field-group elementor-column elementor-field-group-email elementor-col-75 elementor-field-required\">\n\t\t\t\t\t\t\t\t\t\t\t\t<label for=\"form-field-email\" class=\"elementor-field-label elementor-screen-only\">\n\t\t\t\t\t\t\t\tEmail\t\t\t\t\t\t\t<\/label>\n\t\t\t\t\t\t\t\t\t\t\t\t\t\t<input size=\"1\" type=\"email\" name=\"form_fields[email]\" id=\"form-field-email\" class=\"elementor-field elementor-size-sm  elementor-field-textual\" placeholder=\"Email\" required=\"required\">\n\t\t\t\t\t\t\t\t\t\t\t<\/div>\n\t\t\t\t\t\t\t\t<div class=\"elementor-field-group elementor-column elementor-field-type-submit elementor-col-25 e-form__buttons\">\n\t\t\t\t\t<button class=\"elementor-button elementor-size-sm\" type=\"submit\">\n\t\t\t\t\t\t<span class=\"elementor-button-content-wrapper\">\n\t\t\t\t\t\t\t\t\t\t\t\t\t\t\t<span class=\"elementor-button-icon\">\n\t\t\t\t\t\t\t\t\t<i aria-hidden=\"true\" class=\"fas fa-envelope-open-text\"><\/i>\t\t\t\t\t\t\t\t\t\t\t\t\t\t\t\t\t<\/span>\n\t\t\t\t\t\t\t\t\t\t\t\t\t\t\t\t\t\t\t\t\t\t<span class=\"elementor-button-text\">Anmelden<\/span>\n\t\t\t\t\t\t\t\t\t\t\t\t\t<\/span>\n\t\t\t\t\t<\/button>\n\t\t\t\t<\/div>\n\t\t\t<\/div>\n\t\t<\/form>\n\t\t\t\t\t\t<\/div>\n\t\t\t\t<\/div>\n\t\t\t\t\t<\/div>\n\t\t<\/div>\n\t\t\t\t\t<\/div>\n\t\t<\/section>\n\t\t\t\t<\/div>\n\t\t","protected":false},"excerpt":{"rendered":"<p>Gesch\u00e4ftsbedingungen Haftungsbeschr\u00e4nkung Die Inhalte unserer Seiten wurden mit der gr\u00f6sstm\u00f6glichen Sorgfalt erstellt. F\u00fcr die Richtigkeit, Vollst\u00e4ndigkeit und Aktualit\u00e4t der Inhalte auf www.nic-biel.ch \u00fcbernimmt New International Church keine Haftung. Ebenso lehnt New International Church jede Haftung f\u00fcr Sch\u00e4den ab, die sich durch die Benutzung von www.nic-biel.ch ergeben. F\u00fcr die Inhalte der auf www.nic-biel.ch verlinkten externen Seiten [&hellip;]<\/p>\n","protected":false},"author":1,"featured_media":0,"parent":4088,"menu_order":0,"comment_status":"closed","ping_status":"closed","template":"elementor_header_footer","meta":{"footnotes":""},"class_list":["post-5018","page","type-page","status-publish","hentry"],"yoast_head":"<!-- This site is optimized with the Yoast SEO plugin v26.4 - https:\/\/yoast.com\/wordpress\/plugins\/seo\/ -->\n<title>AGB - New International Church<\/title>\n<meta name=\"robots\" content=\"index, follow, max-snippet:-1, max-image-preview:large, max-video-preview:-1\" \/>\n<link rel=\"canonical\" href=\"https:\/\/nic-biel.ch\/de\/startseite\/agb\/\" \/>\n<meta property=\"og:locale\" content=\"de_DE\" \/>\n<meta property=\"og:type\" content=\"article\" \/>\n<meta property=\"og:title\" content=\"AGB - New International Church\" \/>\n<meta property=\"og:description\" content=\"Gesch\u00e4ftsbedingungen Haftungsbeschr\u00e4nkung Die Inhalte unserer Seiten wurden mit der gr\u00f6sstm\u00f6glichen Sorgfalt erstellt. F\u00fcr die Richtigkeit, Vollst\u00e4ndigkeit und Aktualit\u00e4t der Inhalte auf www.nic-biel.ch \u00fcbernimmt New International Church keine Haftung. Ebenso lehnt New International Church jede Haftung f\u00fcr Sch\u00e4den ab, die sich durch die Benutzung von www.nic-biel.ch ergeben. F\u00fcr die Inhalte der auf www.nic-biel.ch verlinkten externen Seiten [&hellip;]\" \/>\n<meta property=\"og:url\" content=\"https:\/\/nic-biel.ch\/de\/startseite\/agb\/\" \/>\n<meta property=\"og:site_name\" content=\"New International Church\" \/>\n<meta property=\"article:modified_time\" content=\"2023-02-09T09:54:26+00:00\" \/>\n<meta name=\"twitter:card\" content=\"summary_large_image\" \/>\n<meta name=\"twitter:label1\" content=\"Gesch\u00e4tzte Lesezeit\" \/>\n\t<meta name=\"twitter:data1\" content=\"3\u00a0Minuten\" \/>\n<script type=\"application\/ld+json\" class=\"yoast-schema-graph\">{\"@context\":\"https:\/\/schema.org\",\"@graph\":[{\"@type\":\"WebPage\",\"@id\":\"https:\/\/nic-biel.ch\/de\/startseite\/agb\/\",\"url\":\"https:\/\/nic-biel.ch\/de\/startseite\/agb\/\",\"name\":\"AGB - New International Church\",\"isPartOf\":{\"@id\":\"https:\/\/nic-biel.ch\/de\/#website\"},\"datePublished\":\"2020-05-10T20:21:01+00:00\",\"dateModified\":\"2023-02-09T09:54:26+00:00\",\"breadcrumb\":{\"@id\":\"https:\/\/nic-biel.ch\/de\/startseite\/agb\/#breadcrumb\"},\"inLanguage\":\"de\",\"potentialAction\":[{\"@type\":\"ReadAction\",\"target\":[\"https:\/\/nic-biel.ch\/de\/startseite\/agb\/\"]}]},{\"@type\":\"BreadcrumbList\",\"@id\":\"https:\/\/nic-biel.ch\/de\/startseite\/agb\/#breadcrumb\",\"itemListElement\":[{\"@type\":\"ListItem\",\"position\":1,\"name\":\"Home\",\"item\":\"https:\/\/nic-biel.ch\/de\/\"},{\"@type\":\"ListItem\",\"position\":2,\"name\":\"Startseite\",\"item\":\"https:\/\/nic-biel.ch\/de\/\"},{\"@type\":\"ListItem\",\"position\":3,\"name\":\"AGB\"}]},{\"@type\":\"WebSite\",\"@id\":\"https:\/\/nic-biel.ch\/de\/#website\",\"url\":\"https:\/\/nic-biel.ch\/de\/\",\"name\":\"New International Church\",\"description\":\"Welcome to the Home of Restoration\",\"potentialAction\":[{\"@type\":\"SearchAction\",\"target\":{\"@type\":\"EntryPoint\",\"urlTemplate\":\"https:\/\/nic-biel.ch\/de\/?s={search_term_string}\"},\"query-input\":{\"@type\":\"PropertyValueSpecification\",\"valueRequired\":true,\"valueName\":\"search_term_string\"}}],\"inLanguage\":\"de\"}]}<\/script>\n<!-- \/ Yoast SEO plugin. -->","yoast_head_json":{"title":"AGB - New International Church","robots":{"index":"index","follow":"follow","max-snippet":"max-snippet:-1","max-image-preview":"max-image-preview:large","max-video-preview":"max-video-preview:-1"},"canonical":"https:\/\/nic-biel.ch\/de\/startseite\/agb\/","og_locale":"de_DE","og_type":"article","og_title":"AGB - New International Church","og_description":"Gesch\u00e4ftsbedingungen Haftungsbeschr\u00e4nkung Die Inhalte unserer Seiten wurden mit der gr\u00f6sstm\u00f6glichen Sorgfalt erstellt. F\u00fcr die Richtigkeit, Vollst\u00e4ndigkeit und Aktualit\u00e4t der Inhalte auf www.nic-biel.ch \u00fcbernimmt New International Church keine Haftung. Ebenso lehnt New International Church jede Haftung f\u00fcr Sch\u00e4den ab, die sich durch die Benutzung von www.nic-biel.ch ergeben. F\u00fcr die Inhalte der auf www.nic-biel.ch verlinkten externen Seiten [&hellip;]","og_url":"https:\/\/nic-biel.ch\/de\/startseite\/agb\/","og_site_name":"New International Church","article_modified_time":"2023-02-09T09:54:26+00:00","twitter_card":"summary_large_image","twitter_misc":{"Gesch\u00e4tzte Lesezeit":"3\u00a0Minuten"},"schema":{"@context":"https:\/\/schema.org","@graph":[{"@type":"WebPage","@id":"https:\/\/nic-biel.ch\/de\/startseite\/agb\/","url":"https:\/\/nic-biel.ch\/de\/startseite\/agb\/","name":"AGB - New International Church","isPartOf":{"@id":"https:\/\/nic-biel.ch\/de\/#website"},"datePublished":"2020-05-10T20:21:01+00:00","dateModified":"2023-02-09T09:54:26+00:00","breadcrumb":{"@id":"https:\/\/nic-biel.ch\/de\/startseite\/agb\/#breadcrumb"},"inLanguage":"de","potentialAction":[{"@type":"ReadAction","target":["https:\/\/nic-biel.ch\/de\/startseite\/agb\/"]}]},{"@type":"BreadcrumbList","@id":"https:\/\/nic-biel.ch\/de\/startseite\/agb\/#breadcrumb","itemListElement":[{"@type":"ListItem","position":1,"name":"Home","item":"https:\/\/nic-biel.ch\/de\/"},{"@type":"ListItem","position":2,"name":"Startseite","item":"https:\/\/nic-biel.ch\/de\/"},{"@type":"ListItem","position":3,"name":"AGB"}]},{"@type":"WebSite","@id":"https:\/\/nic-biel.ch\/de\/#website","url":"https:\/\/nic-biel.ch\/de\/","name":"New International Church","description":"Welcome to the Home of Restoration","potentialAction":[{"@type":"SearchAction","target":{"@type":"EntryPoint","urlTemplate":"https:\/\/nic-biel.ch\/de\/?s={search_term_string}"},"query-input":{"@type":"PropertyValueSpecification","valueRequired":true,"valueName":"search_term_string"}}],"inLanguage":"de"}]}},"_links":{"self":[{"href":"https:\/\/nic-biel.ch\/de\/wp-json\/wp\/v2\/pages\/5018","targetHints":{"allow":["GET"]}}],"collection":[{"href":"https:\/\/nic-biel.ch\/de\/wp-json\/wp\/v2\/pages"}],"about":[{"href":"https:\/\/nic-biel.ch\/de\/wp-json\/wp\/v2\/types\/page"}],"author":[{"embeddable":true,"href":"https:\/\/nic-biel.ch\/de\/wp-json\/wp\/v2\/users\/1"}],"replies":[{"embeddable":true,"href":"https:\/\/nic-biel.ch\/de\/wp-json\/wp\/v2\/comments?post=5018"}],"version-history":[{"count":36,"href":"https:\/\/nic-biel.ch\/de\/wp-json\/wp\/v2\/pages\/5018\/revisions"}],"predecessor-version":[{"id":12899,"href":"https:\/\/nic-biel.ch\/de\/wp-json\/wp\/v2\/pages\/5018\/revisions\/12899"}],"up":[{"embeddable":true,"href":"https:\/\/nic-biel.ch\/de\/wp-json\/wp\/v2\/pages\/4088"}],"wp:attachment":[{"href":"https:\/\/nic-biel.ch\/de\/wp-json\/wp\/v2\/media?parent=5018"}],"curies":[{"name":"wp","href":"https:\/\/api.w.org\/{rel}","templated":true}]}}