{"id":4386,"date":"2020-05-10T21:12:59","date_gmt":"2020-05-10T21:12:59","guid":{"rendered":"https:\/\/nic-biel.ch\/startseite\/datenschutz\/"},"modified":"2023-02-09T10:08:10","modified_gmt":"2023-02-09T10:08:10","slug":"datenschutz","status":"publish","type":"page","link":"https:\/\/nic-biel.ch\/de\/startseite\/datenschutz\/","title":{"rendered":"Datenschutz"},"content":{"rendered":"\t\t<div data-elementor-type=\"wp-page\" data-elementor-id=\"4386\" class=\"elementor elementor-4386 elementor-2004\" data-elementor-post-type=\"page\">\n\t\t\t\t\t\t<section class=\"elementor-section elementor-top-section elementor-element elementor-element-ff60d0d elementor-section-boxed elementor-section-height-default elementor-section-height-default\" data-id=\"ff60d0d\" data-element_type=\"section\" data-e-type=\"section\" data-settings=\"{&quot;jet_parallax_layout_list&quot;:[{&quot;jet_parallax_layout_image&quot;:{&quot;url&quot;:&quot;&quot;,&quot;id&quot;:&quot;&quot;,&quot;size&quot;:&quot;&quot;},&quot;_id&quot;:&quot;4a02202&quot;,&quot;jet_parallax_layout_image_tablet&quot;:{&quot;url&quot;:&quot;&quot;,&quot;id&quot;:&quot;&quot;,&quot;size&quot;:&quot;&quot;},&quot;jet_parallax_layout_image_mobile&quot;:{&quot;url&quot;:&quot;&quot;,&quot;id&quot;:&quot;&quot;,&quot;size&quot;:&quot;&quot;},&quot;jet_parallax_layout_speed&quot;:{&quot;unit&quot;:&quot;%&quot;,&quot;size&quot;:50,&quot;sizes&quot;:[]},&quot;jet_parallax_layout_type&quot;:&quot;scroll&quot;,&quot;jet_parallax_layout_direction&quot;:&quot;1&quot;,&quot;jet_parallax_layout_fx_direction&quot;:null,&quot;jet_parallax_layout_z_index&quot;:&quot;&quot;,&quot;jet_parallax_layout_bg_x&quot;:50,&quot;jet_parallax_layout_bg_x_tablet&quot;:&quot;&quot;,&quot;jet_parallax_layout_bg_x_mobile&quot;:&quot;&quot;,&quot;jet_parallax_layout_bg_y&quot;:50,&quot;jet_parallax_layout_bg_y_tablet&quot;:&quot;&quot;,&quot;jet_parallax_layout_bg_y_mobile&quot;:&quot;&quot;,&quot;jet_parallax_layout_bg_size&quot;:&quot;auto&quot;,&quot;jet_parallax_layout_bg_size_tablet&quot;:&quot;&quot;,&quot;jet_parallax_layout_bg_size_mobile&quot;:&quot;&quot;,&quot;jet_parallax_layout_animation_prop&quot;:&quot;transform&quot;,&quot;jet_parallax_layout_on&quot;:[&quot;desktop&quot;,&quot;tablet&quot;]}]}\">\n\t\t\t\t\t\t<div class=\"elementor-container elementor-column-gap-default\">\n\t\t\t\t\t<div class=\"elementor-column elementor-col-100 elementor-top-column elementor-element elementor-element-a617de3\" data-id=\"a617de3\" data-element_type=\"column\" data-e-type=\"column\">\n\t\t\t<div class=\"elementor-widget-wrap elementor-element-populated\">\n\t\t\t\t\t\t<div class=\"elementor-element elementor-element-cd7f280 elementor-widget elementor-widget-heading\" data-id=\"cd7f280\" data-element_type=\"widget\" data-e-type=\"widget\" data-widget_type=\"heading.default\">\n\t\t\t\t<div class=\"elementor-widget-container\">\n\t\t\t\t\t<h2 class=\"elementor-heading-title elementor-size-default\">Datenschutz<\/h2>\t\t\t\t<\/div>\n\t\t\t\t<\/div>\n\t\t\t\t<div class=\"elementor-element elementor-element-2d67591 elementor-widget elementor-widget-text-editor\" data-id=\"2d67591\" data-element_type=\"widget\" data-e-type=\"widget\" data-widget_type=\"text-editor.default\">\n\t\t\t\t<div class=\"elementor-widget-container\">\n\t\t\t\t\t\t\t\t\t<div>\n<div>\n<p><strong>Copyright<\/strong><\/p>\n<p>Durch diese Website wird die Nutzung geistigen Eigentums der Organisation oder Dritter nicht erteilt.<\/p>\n<p><strong>Pers\u00f6nliche Daten<\/strong><\/p>\n<p>Indem Sie Interesse an allgemeinen Informationen \u00fcber die Organisation zeigen, unseren Newsletter abonnieren oder etwas spenden entscheiden Sie sich explizit zum jeweiligen Zweck durch ein Internet-Adressformular uns Ihre pers\u00f6nlichen Daten zu \u00fcbergeben.<\/p>\n<p>Die Organisation verwendet Ihre E-Mail-Adresse, um Ihre Zahlung zu best\u00e4tigen oder Ihnen per E-Mail einen Spendendankbrief zu senden.<\/p>\n<\/div>\n<div>\n<p>Abonnenten des NIC Newsletters erhalten regelm\u00e4ssige Emails. Aufgrund Ihrer Angaben senden wir Ihnen gelegentlich Informationen zu.<\/p>\n<p>Grunds\u00e4tzlich gibt die Organisation keine Daten an aussenstehende Personen oder andere Organisationen weiter. Ihre Adresse wird ausschliesslich f\u00fcr Spendenaufrufe, Informations-Emails und Werbekampagnen von Produkten der Organisation verwendet.<\/p>\n<p>Gem\u00e4ss dem schweizerischen Datenschutzgesetz sind Sie berechtigt zu erfahren, ob und welche Daten wir \u00fcber Sie speichern.<\/p>\n<p>Es ist m\u00f6glich, die anvertrauten Daten zu berichtigen oder die Kontaktaufnahme zu beenden. Bitte teilen Sie uns diese in schriftlicher Form via Email mit, auf ministry@nic-biel.ch<\/p>\n<p><strong>Kreditkarten<\/strong><\/p>\n<p>Wir speichern keine Kreditkartendaten von unseren Kunden auf unserer Website. Die Seite, auf der Sie die Kreditkartendaten eingeben, geh\u00f6rt einem Dritten, n\u00e4mlich unserem vertrauensw\u00fcrdigen Finanzpartner &#8222;Postfinance&#8220;, einer Bank in der Schweiz. Wenn Sie uns Ihre Kreditkartennummern und Finanzinformationen via unsere Website anvertrauen, werden diese unter hohen Sicherheitsvorkehrungen verschl\u00fcsselt \u00fcbertragen und ausschliesslich zu Abrechnungszwecken bei Postfinance gespeichert. Beachten Sie dazu auch die Datenschutzerkl\u00e4rung unseres Finanzdienstleistungsunternehmen hier: https:\/\/www.postfinance.ch\/de\/detail\/data\/allgemeine-datenschutzerklaerung.html, sowie folgende Klausel:<\/p>\n<p>Wenn ich \u00fcber diese Webseite durch Postfinance eine Spende ausl\u00f6se, nehme ich hiermit zur Kenntnis und bin einverstanden, dass meine Daten<br>durch den Software-Provider Wallee AG, Winterthur in der Daten-Cloud von Amazon Web Services EMEA SARL, Luxembourg (Tochtergesellschaft von Amazon Web Service Inc., USA) auf deren Server in Irland verschl\u00fcsselt gespeichert und von der Webb Application Firewall (WAF) von Cloudflare Inc., USA gepr\u00fcft werden. F\u00fcr die Kontrolle der Daten auf Malware muss die WAF diese kurzfristig entschl\u00fcsseln. Hierbei handelt es sich um eine zwingende PCI Vorgabe, welche dem Schutz Ihrer Daten dient. Im Ausland unterliegen die im WAF Kontrollprozess entschl\u00fcsselten Daten nicht mehr dem Schweizerischen Datenschutzgesetz und dem Bankgeheimnis, sondern der Europ\u00e4ischen Datenschutz-Grundverordnung (DSGVO) oder anderen anwendbaren Rechtsordnungen. <\/p>\n<p><strong>Links<\/strong><\/p>\n<p>www.nic-biel.ch \u00fcbernimmt keine Verantwortung f\u00fcr die Praktiken, Inhalte und Verlinkungen von dritten Websites.<\/p>\n<p><strong>Information<\/strong><\/p>\n<p>Wenn Sie Fragen zum Datenschutz auf unserer Website haben, k\u00f6nnen Sie sich an unseren Webmaster wenden ministry@nic-biel.ch<\/p>\n<\/div>\n<\/div>\t\t\t\t\t\t\t\t<\/div>\n\t\t\t\t<\/div>\n\t\t\t\t\t<\/div>\n\t\t<\/div>\n\t\t\t\t\t<\/div>\n\t\t<\/section>\n\t\t\t\t<\/div>\n\t\t","protected":false},"excerpt":{"rendered":"<p>Datenschutz Copyright Durch diese Website wird die Nutzung geistigen Eigentums der Organisation oder Dritter nicht erteilt. Pers\u00f6nliche Daten Indem Sie Interesse an allgemeinen Informationen \u00fcber die Organisation zeigen, unseren Newsletter abonnieren oder etwas spenden entscheiden Sie sich explizit zum jeweiligen Zweck durch ein Internet-Adressformular uns Ihre pers\u00f6nlichen Daten zu \u00fcbergeben. Die Organisation verwendet Ihre E-Mail-Adresse, [&hellip;]<\/p>\n","protected":false},"author":1,"featured_media":0,"parent":4088,"menu_order":0,"comment_status":"closed","ping_status":"closed","template":"elementor_header_footer","meta":{"footnotes":""},"class_list":["post-4386","page","type-page","status-publish","hentry"],"yoast_head":"<!-- This site is optimized with the Yoast SEO plugin v26.4 - https:\/\/yoast.com\/wordpress\/plugins\/seo\/ -->\n<title>Datenschutz - New International Church<\/title>\n<meta name=\"robots\" content=\"index, follow, max-snippet:-1, max-image-preview:large, max-video-preview:-1\" \/>\n<link rel=\"canonical\" href=\"https:\/\/nic-biel.ch\/de\/startseite\/datenschutz\/\" \/>\n<meta property=\"og:locale\" content=\"de_DE\" \/>\n<meta property=\"og:type\" content=\"article\" \/>\n<meta property=\"og:title\" content=\"Datenschutz - New International Church\" \/>\n<meta property=\"og:description\" content=\"Datenschutz Copyright Durch diese Website wird die Nutzung geistigen Eigentums der Organisation oder Dritter nicht erteilt. Pers\u00f6nliche Daten Indem Sie Interesse an allgemeinen Informationen \u00fcber die Organisation zeigen, unseren Newsletter abonnieren oder etwas spenden entscheiden Sie sich explizit zum jeweiligen Zweck durch ein Internet-Adressformular uns Ihre pers\u00f6nlichen Daten zu \u00fcbergeben. Die Organisation verwendet Ihre E-Mail-Adresse, [&hellip;]\" \/>\n<meta property=\"og:url\" content=\"https:\/\/nic-biel.ch\/de\/startseite\/datenschutz\/\" \/>\n<meta property=\"og:site_name\" content=\"New International Church\" \/>\n<meta property=\"article:modified_time\" content=\"2023-02-09T10:08:10+00:00\" \/>\n<meta name=\"twitter:card\" content=\"summary_large_image\" \/>\n<meta name=\"twitter:label1\" content=\"Gesch\u00e4tzte Lesezeit\" \/>\n\t<meta name=\"twitter:data1\" content=\"3\u00a0Minuten\" \/>\n<script type=\"application\/ld+json\" class=\"yoast-schema-graph\">{\"@context\":\"https:\/\/schema.org\",\"@graph\":[{\"@type\":\"WebPage\",\"@id\":\"https:\/\/nic-biel.ch\/de\/startseite\/datenschutz\/\",\"url\":\"https:\/\/nic-biel.ch\/de\/startseite\/datenschutz\/\",\"name\":\"Datenschutz - New International Church\",\"isPartOf\":{\"@id\":\"https:\/\/nic-biel.ch\/de\/#website\"},\"datePublished\":\"2020-05-10T21:12:59+00:00\",\"dateModified\":\"2023-02-09T10:08:10+00:00\",\"breadcrumb\":{\"@id\":\"https:\/\/nic-biel.ch\/de\/startseite\/datenschutz\/#breadcrumb\"},\"inLanguage\":\"de\",\"potentialAction\":[{\"@type\":\"ReadAction\",\"target\":[\"https:\/\/nic-biel.ch\/de\/startseite\/datenschutz\/\"]}]},{\"@type\":\"BreadcrumbList\",\"@id\":\"https:\/\/nic-biel.ch\/de\/startseite\/datenschutz\/#breadcrumb\",\"itemListElement\":[{\"@type\":\"ListItem\",\"position\":1,\"name\":\"Home\",\"item\":\"https:\/\/nic-biel.ch\/de\/\"},{\"@type\":\"ListItem\",\"position\":2,\"name\":\"Startseite\",\"item\":\"https:\/\/nic-biel.ch\/de\/\"},{\"@type\":\"ListItem\",\"position\":3,\"name\":\"Datenschutz\"}]},{\"@type\":\"WebSite\",\"@id\":\"https:\/\/nic-biel.ch\/de\/#website\",\"url\":\"https:\/\/nic-biel.ch\/de\/\",\"name\":\"New International Church\",\"description\":\"Welcome to the Home of Restoration\",\"potentialAction\":[{\"@type\":\"SearchAction\",\"target\":{\"@type\":\"EntryPoint\",\"urlTemplate\":\"https:\/\/nic-biel.ch\/de\/?s={search_term_string}\"},\"query-input\":{\"@type\":\"PropertyValueSpecification\",\"valueRequired\":true,\"valueName\":\"search_term_string\"}}],\"inLanguage\":\"de\"}]}<\/script>\n<!-- \/ Yoast SEO plugin. -->","yoast_head_json":{"title":"Datenschutz - New International Church","robots":{"index":"index","follow":"follow","max-snippet":"max-snippet:-1","max-image-preview":"max-image-preview:large","max-video-preview":"max-video-preview:-1"},"canonical":"https:\/\/nic-biel.ch\/de\/startseite\/datenschutz\/","og_locale":"de_DE","og_type":"article","og_title":"Datenschutz - New International Church","og_description":"Datenschutz Copyright Durch diese Website wird die Nutzung geistigen Eigentums der Organisation oder Dritter nicht erteilt. Pers\u00f6nliche Daten Indem Sie Interesse an allgemeinen Informationen \u00fcber die Organisation zeigen, unseren Newsletter abonnieren oder etwas spenden entscheiden Sie sich explizit zum jeweiligen Zweck durch ein Internet-Adressformular uns Ihre pers\u00f6nlichen Daten zu \u00fcbergeben. Die Organisation verwendet Ihre E-Mail-Adresse, [&hellip;]","og_url":"https:\/\/nic-biel.ch\/de\/startseite\/datenschutz\/","og_site_name":"New International Church","article_modified_time":"2023-02-09T10:08:10+00:00","twitter_card":"summary_large_image","twitter_misc":{"Gesch\u00e4tzte Lesezeit":"3\u00a0Minuten"},"schema":{"@context":"https:\/\/schema.org","@graph":[{"@type":"WebPage","@id":"https:\/\/nic-biel.ch\/de\/startseite\/datenschutz\/","url":"https:\/\/nic-biel.ch\/de\/startseite\/datenschutz\/","name":"Datenschutz - New International Church","isPartOf":{"@id":"https:\/\/nic-biel.ch\/de\/#website"},"datePublished":"2020-05-10T21:12:59+00:00","dateModified":"2023-02-09T10:08:10+00:00","breadcrumb":{"@id":"https:\/\/nic-biel.ch\/de\/startseite\/datenschutz\/#breadcrumb"},"inLanguage":"de","potentialAction":[{"@type":"ReadAction","target":["https:\/\/nic-biel.ch\/de\/startseite\/datenschutz\/"]}]},{"@type":"BreadcrumbList","@id":"https:\/\/nic-biel.ch\/de\/startseite\/datenschutz\/#breadcrumb","itemListElement":[{"@type":"ListItem","position":1,"name":"Home","item":"https:\/\/nic-biel.ch\/de\/"},{"@type":"ListItem","position":2,"name":"Startseite","item":"https:\/\/nic-biel.ch\/de\/"},{"@type":"ListItem","position":3,"name":"Datenschutz"}]},{"@type":"WebSite","@id":"https:\/\/nic-biel.ch\/de\/#website","url":"https:\/\/nic-biel.ch\/de\/","name":"New International Church","description":"Welcome to the Home of Restoration","potentialAction":[{"@type":"SearchAction","target":{"@type":"EntryPoint","urlTemplate":"https:\/\/nic-biel.ch\/de\/?s={search_term_string}"},"query-input":{"@type":"PropertyValueSpecification","valueRequired":true,"valueName":"search_term_string"}}],"inLanguage":"de"}]}},"_links":{"self":[{"href":"https:\/\/nic-biel.ch\/de\/wp-json\/wp\/v2\/pages\/4386","targetHints":{"allow":["GET"]}}],"collection":[{"href":"https:\/\/nic-biel.ch\/de\/wp-json\/wp\/v2\/pages"}],"about":[{"href":"https:\/\/nic-biel.ch\/de\/wp-json\/wp\/v2\/types\/page"}],"author":[{"embeddable":true,"href":"https:\/\/nic-biel.ch\/de\/wp-json\/wp\/v2\/users\/1"}],"replies":[{"embeddable":true,"href":"https:\/\/nic-biel.ch\/de\/wp-json\/wp\/v2\/comments?post=4386"}],"version-history":[{"count":48,"href":"https:\/\/nic-biel.ch\/de\/wp-json\/wp\/v2\/pages\/4386\/revisions"}],"predecessor-version":[{"id":12931,"href":"https:\/\/nic-biel.ch\/de\/wp-json\/wp\/v2\/pages\/4386\/revisions\/12931"}],"up":[{"embeddable":true,"href":"https:\/\/nic-biel.ch\/de\/wp-json\/wp\/v2\/pages\/4088"}],"wp:attachment":[{"href":"https:\/\/nic-biel.ch\/de\/wp-json\/wp\/v2\/media?parent=4386"}],"curies":[{"name":"wp","href":"https:\/\/api.w.org\/{rel}","templated":true}]}}